{"id":261,"date":"2016-06-28T09:37:33","date_gmt":"2016-06-28T08:37:33","guid":{"rendered":"https:\/\/www.hoteldunord-ardeche.com\/en\/livre-dor\/"},"modified":"2019-01-16T13:38:34","modified_gmt":"2019-01-16T12:38:34","slug":"livre-dor","status":"publish","type":"page","link":"https:\/\/www.hoteldunord-ardeche.com\/en\/livre-dor\/","title":{"rendered":"Guestbook"},"content":{"rendered":"<div class=\"fusion-fullwidth fullwidth-box nonhundred-percent-fullwidth non-hundred-percent-height-scrolling\"  style='background-color: rgba(255,255,255,0);background-position: left top;background-repeat: no-repeat;padding-top:20px;padding-right:0px;padding-bottom:20px;padding-left:0px;border-top-width:0px;border-bottom-width:0px;border-color:#eae9e9;border-top-style:solid;border-bottom-style:solid;'><div class=\"fusion-builder-row fusion-row \"><div  class=\"fusion-layout-column fusion_builder_column fusion_builder_column_1_1  fusion-one-full fusion-column-first fusion-column-last fusion-column-no-min-height 1_1\"  style='margin-top:0px;margin-bottom:0px;'>\n\t\t\t\t\t<div class=\"fusion-column-wrapper\" style=\"background-position:left top;background-repeat:no-repeat;-webkit-background-size:cover;-moz-background-size:cover;-o-background-size:cover;background-size:cover;\"  data-bg-url=\"\">\n\t\t\t\t\t\t<div class=\"fusion-title title fusion-sep-none fusion-title-size-one\" style=\"margin-top:0px;margin-bottom:25px;\"><h1 class=\"title-heading-left\">Our\u00a0Guestbook<\/h1><\/div><div class=\"fusion-clearfix\"><\/div>\n\n\t\t\t\t\t<\/div>\n\t\t\t\t<\/div><div  class=\"fusion-layout-column fusion_builder_column fusion_builder_column_1_1  fusion-one-full fusion-column-first fusion-column-last 1_1\"  style='margin-top:0px;margin-bottom:20px;'>\n\t\t\t\t\t<div class=\"fusion-column-wrapper\" style=\"background-position:left top;background-repeat:no-repeat;-webkit-background-size:cover;-moz-background-size:cover;-o-background-size:cover;background-size:cover;\"  data-bg-url=\"\">\n\t\t\t\t\t\t            <style>\n\t\t\t#livre_dor { width:100%; margin-top:-15px }\n\t\t\t#livre_dor span.attente { float:left; width:100%; text-align:center; margin-top:10px; }\n\t\t\t#livre_dor span.attente img { margin-right:10px; vertical-align:middle; }\n\t\t\t#livre_dor #livre_mess_confirm { margin-bottom:15px; text-align:center; }\n\t\t\t#livre_dor #livre_mess_confirm #livre_mess_confirm { color:#FFF; }\n\t\t\t#livre_dor #livre_mess_confirm #livre_mess_problem { color:#F00; }\n\t\t\t\n\t\t\t#livre_dor form fieldset input, #livre_dor form fieldset textarea { border:1px solid #edac7c !important }\n\t\t\t\n\t\t\t#livre_dor #div_btn_aff_form { \/*float: left;*\/ font-weight:bold; text-align:center; } \n\t\t\t#livre_dor #div_btn_aff_form #btn_aff_form, #valid_mess { font-size:13px; margin:0; border-radius:3px; background:#ffc700; color: #a52b00; font-weight:bold; cursor:pointer; padding: 10px; border:0 !important; text-transform:uppercase }\n\t\t\t#livre_dor #div_btn_aff_form #btn_aff_form:hover, #valid_mess:hover { background-color:#ffa800 }\n\t\t\t#livre_dor form fieldset input#valid_mess { padding:10px 30px !important; border:1px solid rgba(0,0,0,0) !important }\n\t\t\t#livre_dor #div_btn_aff_form #btn_aff_form li { list-style-type:none; margin:0;  } \n\t\t\t#livre_dor form { clear:both; display:none; width:100%; }\n\t\t\t#livre_dor form fieldset {  border:1px solid #edac7c; padding:15px 10px }\n\t\t\t#livre_dor form fieldset legend { display: none; }\n\t\t\t#livre_dor form fieldset p { float:left; clear: both; margin-bottom:5px; width: 100%; }\n\t\t\t#livre_dor form fieldset p label { display:block; width: 35%; float:left; text-align:right; margin-right:10px; font-weight:normal !important }\t\n\t\t\t#livre_dor form fieldset p label .chp_oblig { padding-left:5px; }\t\n\t\t\t#livre_dor form fieldset p textarea { height: 100px; float:left; width: 63%; }\n\t\t\t#livre_dor form fieldset p #signature { width: 100%; max-width: 200px; float:left; display:block }\n\t\t\t#livre_dor form fieldset p #code { width: 100%; max-width: 200px; float:left; }\n\t\t\t#livre_dor form fieldset p .span_captcha { float:left; }\n\t\t\t#livre_dor form fieldset p img { margin-left:10px; float:left; } \n\t\t\t#livre_dor form fieldset p #cryptogram { margin-top:3px; float:left;}\n\t\t\t#livre_dor form fieldset p #img_reload { margin-top:5px; float:left; }\n\t\t\t#livre_dor form fieldset p #valid_mess { color: #a52b00; padding: 5px; font-weight:bold }\n\t\t\t#livre_dor form fieldset p .span_erreur { color:#F00; display:block; float:left; margin-top: 5px; font-size:0.9em; margin-left:5px; width:auto; display:none; text-align:right !important }\n\t\t\t#livre_dor form fieldset p .span_erreur_mess { color:#F00; clear: both; margin-left: 21%; margin-bottom: 10px; display:none; font-size:0.9em; text-align:right !important }\n\t\t\t#livre_dor form fieldset p #erreur_code { margin-top:7px;}\n\t\t\t#livre_dor #livre_affichage { padding: 15px 0; clear: both; }\n\t\t\t#livre_dor #livre_affichage .aff_date { clear:both; border-bottom: 1px solid #edac7c; background-size:40px; background:#edac7c; color:#34221e }\n\t\t\t\n\t\t\t#livre_dor #livre_affichage .aff_contenu { width: 100%; text-align: justify; margin-bottom:10px; border:1px solid #edac7c; background:rgba(237,172,124,0.1) !important; }\n\t\t\t#livre_dor #livre_affichage .aff_contenu p, #livre_dor #livre_affichage .aff_date p { padding:5px 15px; margin:0; position:relative }\n\t\t\t#livre_dor #livre_affichage .aff_date p { padding-left:30px}\n\t\t\t#livre_dor #livre_affichage .aff_date p img { display:none }\n\t\t\t#livre_dor #livre_affichage .aff_date p:after { content:\"\\e111\"; font-family: 'Glyphicons Halflings'; font-size:1.2em; position: absolute; left: 6px; top: 4px }\n\t\t\n\t\t\t#livre_dor #livre_affichage .aff_contenu.odd, #livre_dor #livre_affichage .aff_date.odd { }\n\t\t\t#livre_dor #livre_affichage .signature { text-align:right; \/*font-weight:bold*\/ font-style:italic; background:rgba(237,172,124,0.1) !important }\n\t\t\t#livre_dor #livre_affichage #livre_pagination { display:block; clear:both; text-align:center; padding-top:25px; line-height:30px }\t\t\n\t\t\t#livre_dor #livre_affichage #livre_pagination a\t{ cursor:pointer; background:#ffc700; color:#a52b00; padding:4px 12px; border-radius:4px; margin-left:4px }\t\n\t\t\t#livre_dor #livre_affichage #livre_pagination a:hover { background-color:#ffa800; text-decoration:none }\n\t\t\t#livre_dor #livre_affichage #livre_pagination span { display:none }\n\t\t\t#livre_dor form #pCaptcha label { margin-top:0px; }\n\t\t\t#livre_dor .aff_reponse{ border-bottom:none; }\n\t\t\t#livre_dor #pValider { margin-top:10px; }\n            <\/style>\n\t\t\t<script type=\"text\/javascript\">\n\t\t\t\tvar $ = jQuery.noConflict();\n\t\t\t<\/script>\n\t\t\t\t\t<div id=\"livre_dor\">\n\t\t\t\t\t\n\t\t\t\t\t\t\t<div id=\"livre_mess_confirm\"><\/div>\n\t\t\t\t\t\n\t\t\t<div id=\"div_btn_aff_form\">\n\t\t\t\t<ul id=\"btn_aff_form\">\n\t\t\t\t\t<li>Sign Appreciation Book<\/li>\n\t\t\t\t<\/ul>\n\t\t\t<\/div>\n\t\t\n\t\t\t<form id=\"livre_form\" name=\"livre_form\" action=\"\/\">\n\t\t\t\t<fieldset id=\"livre_fieldset\">\n\t\t\t\t\t<legend>Sign Appreciation Book<\/legend>\n\n\t\t\t\t\t<!-- affichage du champ Message -->\n\t\t\t\t\t<p id=\"pMessage\">\n\t\t\t\t\t\t<label for=\"message\">Your message<span class=\"chp_oblig\">*<\/span><\/label>\n\t\t\t\t\t\t<textarea class=\"text\" name=\"message\" id=\"message\" rows=\"7\" cols=\"62\" ><\/textarea>\n\t\t\t\t\t\t<span class=\"span_erreur_mess\" id=\"erreur_message\">Required Field<\/span>\n\t\t\t\t\t<\/p>\n\t\t\n\t\t\t\t\t<!-- affichage du champ Signature -->\n\t\t\t\t\t<p id=\"pSignature\">\n\t\t\t\t\t\t<label for=\"signature\" >Your signature<span class=\"chp_oblig\">*<\/span><\/label>\n\t\t\t\t\t\t<input type=\"text\" name=\"signature\" id=\"signature\"\/>\n\t\t\t\t\t\t<span class=\"span_erreur\" id=\"erreur_signature\">Required Field<\/span>\n\t\t\t\t\t <\/p>\n\t\t\n\t\t\t\t\t\t\t\n\t\t\t\t\t<p  id=\"pCaptcha\">\n\t\t\t\t\t\t<label>Anti-Spam Control<span class=\"chp_oblig\">*<\/span><\/label>\n\t\t\t\t\t\t<input type=\"text\" name=\"code\" id=\"code\" \/>\n\t\t\t\t\t\t<span id=\"span_captcha\"><!-- Span contenant le Captcha --><\/span>\n\t\t\t\t\t\t<a onclick=\"affich_captcha()\" style=\"cursor:pointer\">\n\t\t\t\t\t\t\t<img src=\"https:\/\/www.mtcom.fr\/include\/crypt\/images\/reload.png\" alt=\"Recharger\"  id=\"img_reload\" \/>\n\t\t\t\t\t\t<\/a>\n\t\t\t\t\t\t<span class=\"span_erreur\" id=\"erreur_code\">Required Field<\/span>\n\t\t\t\t\t<\/p>\n\t\t\n\t\t\t\t\t<p id=\"pValider\"><input type=\"button\" name=\"valid_mess\" id=\"valid_mess\" value=\" Sign Appreciation Book \"\/><\/p>\n\t\t\n\t\t\t\t\t\t\t\t\t<\/fieldset>\n\t\t\t<\/form>\n\t\t\n\t\t\t<!-- Affichage des messages contenus dans le livre d'or -->\n\t\t\t\t\t\n\t\t\t<div id=\"livre_affichage\">\n\t\t\t\t<!-- Div contenant la listes des message d\u00e9j\u00e0 valid\u00e9s -->\n\t\t\t<\/div>\n\t\t<\/div>\n\t\t\n\t\t<script src=\"https:\/\/code.jquery.com\/jquery-migrate-1.2.1.js\" type=\"text\/javascript\"><\/script>\n\t\t<script type=\"text\/javascript\">\n\t\t\t\/\/<![CDATA[\n\t\t\tfunction affich_message(num_page)\n\t\t\t{\n\t\t\t\t\/\/toTop();\n\t\t\t\tmessage = \"<span class='attente'><img src='https:\/\/www.mtcom.fr\/images\/wait.gif' \/>Thank you for your patience. Loading. <\/span>\";\n\t\t\t\t$('#livre_affichage').html(message);\n\t\t\n\t\t\t\t\/\/utilisation d'une requ\u00eate Ajax permettant d'afficher les messages d\u00e9j\u00e0 valid\u00e9s.\n\t\t\t\trequestCrossDomain(\"https:\/\/www.mtcom.fr\/livredor\/livre_aff_messages.php?nb_pages=1&num_page=\"+num_page+\"&lg=en&id=49&prec=\"+encodeURIComponent('Before')+\"&suiv=\"+encodeURIComponent('Next')+\"&nb_mess=10&le=\"+encodeURIComponent('The')+\"&rep=\"+encodeURIComponent('Reply of')+\"&codage=\"+encodeURIComponent('utf-8'),\n\t\t\t\t\tfunction(results) {\n\t\t\t\t\t\tvar version = $.browser.version.split(\".\");\n\t\t\t\t\t\t\/\/Pour IE7\n\t\t\t\t\t\tif ('utf-8' != 'utf-8')\n\t\t\t\t\t\t\t$('#livre_affichage').html(utf8_decode(results));\n\t\t\t\t\t\telse\n\t\t\t\t\t\t\t$('#livre_affichage').html(results);\n\t\t\n\t\t\t\t\t\t\/*if ($.browser.msie && version[0] == 7)\n\t\t\t\t\t\t\t$('#livre_affichage').html(utf8_decode(results));\n\t\t\t\t\t\telse *\/\n\t\t\t\t\t\t\t\/\/$('#livre_affichage').html(results);\n\t\t\n\t\t\t\t\t\t$('.aff_date:odd').addClass('odd');\n\t\t\t\t\t\t$('.aff_contenu:odd').addClass('odd');\n\t\t\t\t});\n\t\t\t}\n\t\t\n\t\t\tfunction retour_test_champ(rep_html)\n\t\t\t{\n\t\t\t\tresultat = eval('(' + rep_html + ')');\n\t\t\t\t\/\/test s'il y a des erreurs dans les champs\n\t\t\t\tif(resultat.nb_erreurs != \"0\") { \/\/le formulaire comporte des erreurs\n\t\t\t\t\t\/* Champ message *\/\n\t\t\t\t\t\/\/si le champ message est vide et que le message d'erreur n'est pas encore affich\u00e9 alors on l'affiche\n\t\t\t\t\tif(resultat.contenu == \"vide\" && $(\"span#erreur_message\").css('display') == 'none')\n\t\t\t\t\t\t$(\"#livre_dor form fieldset p span#erreur_message\").fadeIn();\n\t\t\t\t\t\/\/sinon si le champs est rempli et que le message d'erreur est affich\u00e9 on le masque\n\t\t\t\t\telse if (resultat.contenu != \"vide\" && $(\"span#erreur_message\").css('display') != 'none')\n\t\t\t\t\t\t$(\"#livre_dor form fieldset p span#erreur_message\").fadeOut();\n\t\t\n\t\t\t\t\t\/* Champ signature *\/\n\t\t\t\t\t\/\/si le champ signature est vide et que le message d'erreur n'est pas encore affich\u00e9 alors on l'affiche\n\t\t\t\t\tif(resultat.signature == \"vide\" && $(\"span#erreur_signature\").css('display') == 'none')\n\t\t\t\t\t\t$(\"#livre_dor form fieldset p span#erreur_signature\").fadeIn();\n\t\t\t\t\t\/\/si le champs est rempli et que le message d'erreur est affich\u00e9 on le masque\n\t\t\t\t\tif (resultat.signature != \"vide\" && $(\"span#erreur_signature\").css('display') != 'none')\n\t\t\t\t\t\t$(\"#livre_dor form fieldset p span#erreur_signature\").fadeOut();\n\t\t\n\t\t\t\t\t\/* Champ email *\/\n\t\t\t\t\t\/\/si le champ email est vide et que le message d'erreur n'est pas encore affich\u00e9 alors on l'affiche\n\t\t\t\t\tif(resultat.email == \"vide\" && $(\"span#erreur_email\").css('display') == 'none')\n\t\t\t\t\t\t$(\"#livre_dor form fieldset p span#erreur_email\").fadeIn();\n\t\t\t\t\t\/\/si le champs est rempli et que le message d'erreur est affich\u00e9 on le masque\n\t\t\t\t\tif (resultat.email != \"vide\" && $(\"span#erreur_email\").css('display') != 'none')\n\t\t\t\t\t\t$(\"#livre_dor form fieldset p span#erreur_email\").fadeOut();\n\t\t\n\t\t\t\t\t\/* Champ captcha *\/\n\t\t\t\t\t\/\/si le champs du captcha est vide et que le message d'erreur n'est pas affich\u00e9\n\t\t\t\t\tif(resultat.securite == \"vide\" && $(\"span#erreur_code\").css('display') == 'none')\n\t\t\t\t\t\t$(\"#livre_dor form fieldset p span#erreur_code\").html(\"Required Field\").fadeIn();\n\t\t\t\t\t\/\/sinon si le champs du captcha est vide et que le message d'erreur affich\u00e9 n'est pas le bon\n\t\t\t\t\tif((resultat.securite == \"vide\") && ($(\"span#erreur_code\").css('display') != 'none') &&  ($(\"span#erreur_code\").html() != 'Required Field'))\n\t\t\t\t\t\t$(\"#livre_dor form fieldset p span#erreur_code\").html(\"Required Field\");\n\t\t\t\t\t\/\/si le champs du captcha est incorrecte et que le message d'erreur n'est pas affich\u00e9\n\t\t\t\t\tif(resultat.securite == \"erreur\" && $(\"span#erreur_code\").css('display') == 'none')\n\t\t\t\t\t\t$(\"#livre_dor form fieldset p span#erreur_code\").html(\"incorrect entry\").fadeIn();\n\t\t\t\t\t\/\/sinon si le champs du captcha est incorrecte et que le message d'erreur affich\u00e9 n'est pas le bon\n\t\t\t\t\tif((resultat.securite == \"erreur\") && ($(\"span#erreur_code\").css('display') != 'none' &&  ($(\"span#erreur_code\").html()) != 'incorrect entry'))\n\t\t\t\t\t\t$(\"#livre_dor form fieldset p span#erreur_code\").html(\"incorrect entry\");\n\t\t\t\t\t\/\/sinon si le champs est rempli et que le message d'erreur est affich\u00e9 on le masque\n\t\t\t\t\tif (resultat.securite != \"vide\" && resultat.securite != \"erreur\"  && $(\"span#erreur_code\").css('display') != 'none')\n\t\t\t\t\t\t$(\"#livre_dor form fieldset p span#erreur_code\").fadeOut();\n\t\t\n\t\t\t\t\treturn false;\n\t\t\t\t} else { \/\/le formulaire est correcte\n\t\t\t\t\t\/\/suppression des messages d'erreurs\n\t\t\t\t\t$(\"span#erreur_signature\").fadeOut();\n\t\t\t\t\t$(\"span#erreur_message\").fadeOut();\n\t\t\t\t\t$(\"span#erreur_code\").fadeOut();\n\t\t\t\t\t$(\"span#erreur_email\").fadeOut();\n\t\t\n\t\t\t\t\t\/\/suppressoin des donn\u00e9es dans le formulaire\n\t\t\t\t\t$(\"textarea#message\").html(\"\");\n\t\t\t\t\t$(\"textarea#message\").val(\"\");\n\t\t\t\t\t$(\"input#signature\").val(\"\");\n\t\t\t\t\t$(\"input#code\").val(\"\");\n\t\t\t\t\t$(\"input#email\").val(\"\");\n\t\t\n\t\t\t\t\t\/\/affiche d'un message de doncfirmation \u00e0 l'internaute\n\t\t\t\t\tif(resultat.req== \"enregistre\") {\n\t\t\t\t\t\t$(\"div#livre_mess_confirm\").html(\"<p align='center'><img align='absmiddle' src='https:\/\/www.mtcom.fr\/autonomie\/images\/confirmation.png' \/>&nbsp;Your comment has been added. Thank you.<\/p>\")\n\t\t\t\t\t} else {\n\t\t\t\t\t\t$(\"div#livre_mess_confirm\").html(\"<p align='center'><img align='absmiddle' src='https:\/\/www.mtcom.fr\/autonomie\/images\/problem.png' width='24px'\/>&nbsp;<\/p>\")\n\t\t\t\t\t}\n\t\t\t\t}\n\t\t\t}\n\t\t\n\t\t\n\t\t\tfunction toTop() {\n\t\t\t\tif(window.innerHeight && window.scrollMaxY) {\n\t\t\t\t\tvar yscr = window.pageYOffset;\n\t\t\t\t} else if(document.body.scrollTop) {\n\t\t\t\t\tvar yscr = document.body.scrollTop;\n\t\t\t\t} else {\n\t\t\t\t\tvar yscr = document.documentElement.scrollTop;\n\t\t\t\t}\n\t\t\n\t\t\t   if(yscr > 0) {\n\t\t\t\t   if(document.body.scrollTop) document.body.scrollTop = Math.floor(yscr \/ 1.1);\n\t\t\t\t   if(document.documentElement.scrollTop) document.documentElement.scrollTop = Math.floor(yscr \/ 1.1);\n\t\t\t\t   setTimeout(\"toTop()\", 0);\n\t\t\t   }\n\t\t\t   \n\t\t   }\n\t\t\n\t\t\tfunction utf8_decode (str_data)\n\t\t\t{\n\t\t\t\tvar tmp_arr = [],\n\t\t\t\ti = 0,\n\t\t\t\tac = 0,\n\t\t\t\tc1 = 0,\n\t\t\t\tc2 = 0,\n\t\t\t\tc3 = 0;\n\t\t\n\t\t\t\tstr_data += '';\n\t\t\n\t\t\t\twhile(i < str_data.length) {\n\t\t\t\t\tc1 = str_data.charCodeAt(i);\n\t\t\t\t\tif(c1 < 128) {\n\t\t\t\t\t\ttmp_arr[ac++] = String.fromCharCode(c1);\n\t\t\t\t\t\ti++;\n\t\t\t\t\t} else if(c1 > 191 && c1 < 224) {\n\t\t\t\t\t\tc2 = str_data.charCodeAt(i + 1);\n\t\t\t\t\t\ttmp_arr[ac++] = String.fromCharCode(((c1 & 31) << 6) | (c2 & 63));\n\t\t\t\t\t\ti += 2;\n\t\t\t\t\t} else {\n\t\t\t\t\t\tc2 = str_data.charCodeAt(i + 1);\n\t\t\t\t\t\tc3 = str_data.charCodeAt(i + 2);\n\t\t\t\t\t\ttmp_arr[ac++] = String.fromCharCode(((c1 & 15) << 12) | ((c2 & 63) << 6) | (c3 & 63));\n\t\t\t\t\t\ti += 3;\n\t\t\t\t\t}\n\t\t\t\t}\n\t\t\n\t\t\t\treturn tmp_arr.join('');\n\t\t\t}\n\t\t\t\/\/]]>\n\t\t<\/script>\n        <script type=\"text\/javascript\">\n\tjQuery(document).ready(function() {\n\t\t\/\/affiche le captcha \u00e0 l'ouverture de la page\n\t\taffich_captcha();\n\t\t\/\/Affiche les 5 premiers message du livre d'or\n\t\taffich_message(1);\n\t\t\/\/assigne la fonction d'affichage du captcha lors du click sur l'image de rechargement\n\t\tjQuery('#img_reload').click(function() {\n\t\t\taffich_captcha();\n\t\t});\n\t\t\/\/assigne la fonction permettant de verifier le formulaire lors du click sur le bouton valider\n\t\tjQuery('#valid_mess').click(function() {\n\t\t\tvalider_formulaire()\n\t\t});\n\t\t\/\/assigne la fonction permettant d'afficher le formulaire en cliquant sur le bouton\n\t\tjQuery('#livre_dor #btn_aff_form').click(function() {\n\t\t\tjQuery(\"#livre_dor form\").slideToggle(\"slow\");\n\t\t});\n\t});\n\t\n\tfunction affich_captcha()\n\t{\n\t\t\/\/utilisation de la requete Ajax pour afficher le captcha. Retour sous format HTML\n\t\trequestCrossDomain(\"https:\/\/www.mtcom.fr\/livredor\/livre_aff_captcha.php?ssl=\",\n\t\t\tfunction(results) {\n\t\t\t\t\/\/suppression des balises HTML <body> et <form>.\n\t\t\t\tresults = results.replace(\"<body>\",\" \")\n\t\t\t\tresults = results.replace(\"<\/body>\",\" \")\n\t\t\t\tresults = results.replace(\"<form>\",\" \")\n\t\t\t\tresults = results.replace(\"<\/form>\",\" \")\n\t\t\t\tjQuery(\"span#span_captcha\").html(results)\n\t\t});\n\t}\n\t\t\n\tfunction valider_formulaire()\n\t{\n\t\tmailreq = 'n';\n\t\t\/\/identifiant du livre d'or\n\t\tidlivre = 49;\n\t\t\/\/langue du message\n\t\tlangue = \"en\";\n\t\t\/\/Contenu du message\n\t\tcontenu = jQuery(\"textarea#message\").val();\n\t\t\/\/Signature du message\n\t\tsignature = jQuery(\"input#signature\").val();\n\t\t\/\/Email de celui qui envoi le message\n\t\temail = jQuery(\"input#email\").val();\n\t\t\n\t\ttitre = jQuery(\"input#titre\").val();\n\t\tnote = jQuery(\"input#note\").val();\n\t\tconsole.log(\"titre : \"+titre);\n\t\t\n\t\tif(email  == \"undefined\") {\n\t\t\temail = '';\n\t\t}\n\t\t\/\/Adresse IP de l'internaute\n\t\tipinternaute = \"216.73.217.70\";\n\t\t\/\/Code inscrit par l'internaute\n\t\tsecurite = jQuery(\"input#code\").val();\n\t\t\/\/Code du Captch\n\t\tcaptcha = jQuery(\"input#captcha\").val();\n\t\t\/\/efface toutes les erreurs\n\t\tlien = \"https:\/\/www.mtcom.fr\/livredor\/livre_valid_mess.php?mailreq=\" + mailreq + \"&idlivre=\" + idlivre + \"&titre=\" + addslashes(encodeURIComponent(titre)) + \"&note=\" + note + \"&email=\" +email+ \"&langue=\" + langue + \"&contenu=\" + addslashes(encodeURIComponent(contenu)) + \"&signature=\" + addslashes(encodeURIComponent(signature)) + \"&ipinternaute=\" + ipinternaute + \"&securite=\" + securite + \"&captcha=\" + captcha\n\t\t\/\/appel la page de validation du formulaire\n\t\trequestCrossDomain(lien,\n\t\t\tfunction(results)\n\t\t\t{\n\t\t\t\t\/\/recup\u00e9ration de la chaine json\n\t\t\t\ti= results.lastIndexOf(\"{\");\n\t\t\t\tj= results.lastIndexOf(\"}\");\n\t\t\t\trep_html = results.substring(i,j+1);\n\t\t\t\tretour_test_champ(rep_html)\t;\n\t\t});\n\t}\n\t\n\tfunction requestCrossDomain(site, callback)\n\t{\n\t\t\t\t\tjQuery.support.cors=true;\n\t\t\tjQuery.ajaxTransport(\"+*\", function( options, originalOptions, jqXHR ) {\n\t\t\t\t\/\/ reedit to only option.crossdomain true\n\t\t\t\tif(jQuery.browser.msie && window.XDomainRequest && options.crossDomain) {\n\t\t\t\t\tvar xdr;\n\t\t\t\t\treturn {\n\t\t\t\t\t\tsend: function( headers, completeCallback ) {\n\t\t\t\t\t\t\t\/\/ Use Microsoft XDR\n\t\t\t\t\t\t\txdr = new XDomainRequest();\n\t\t\t\t\t\t\txdr.open(\"get\", options.url + '?' + options.data);\n\t\t\t\t\t\t\txdr.onload = function() {\n\t\t\t\t\t\t\t\tif(this.contentType.match(\/\\\/xml\/)){\n\t\t\t\t\t\t\t\t\tvar dom = new ActiveXObject(\"Microsoft.XMLDOM\");\n\t\t\t\t\t\t\t\t\tdom.async = true;\n\t\t\t\t\t\t\t\t\tdom.loadXML(this.responseText);\n\t\t\t\t\t\t\t\t\tcompleteCallback(200, \"success\", [dom]);\n\t\t\t\t\t\t\t\t}else{\n\t\t\t\t\t\t\t\t\tcompleteCallback(200, \"success\", [this.responseText]);\n\t\t\t\t\t\t\t\t}\n\t\t\t\t\t\t\t};\n\t\t\t\t\t\t\txdr.ontimeout = function(){\n\t\t\t\t\t\t\t\tcompleteCallback(408, \"error\", [\"The request timed out.\"]);\n\t\t\t\t\t\t\t};\n\t\t\t\t\t\t\txdr.onerror = function(){\n\t\t\t\t\t\t\t\tcompleteCallback(404, \"error\", [\"The requested resource could not be found.\"]);\n\t\t\t\t\t\t\t};\n\t\t\t\t\t\t\txdr.send();\n\t\t\t\t\t\t},\n\t\t\t\t\t\tabort: function() {\n\t\t\t\t\t\t\tif(xdr)xdr.abort();\n\t\t\t\t\t\t}\n\t\t\t\t\t};\n\t\t\t\t}\n\t\t\t});\n\n\t\t\tjQuery.ajax({\n\t\t\t\tcrossDomain: true,\n\t\t\t\ttype: 'GET',\n\t\t\t\turl: site,\n\t\t\t\tcache: false,\n\t\t\t\tasync: true,\n\t\t\t\tsuccess: callback,\n\t\t\t\terror: function(xhr, status, error){\n\t\t\t\t\talert(\"Erreur de chargement du fichier '\"+this.url+\"' : \"+xhr.responseText+\" (\"+status+\" - \"+error+\")\");\n\t\t\t\t}\n\t\t\t});\n\t\t\t}\n\t\t\n\tfunction addslashes (str)\n\t{\n\t\treturn (str + '').replace(\/[\\\\\"']\/g, '\\\\$&').replace(\/\\u0000\/g, '\\\\0');\n\t}\n<\/script>\n\t\t<div class=\"fusion-clearfix\"><\/div>\n\n\t\t\t\t\t<\/div>\n\t\t\t\t<\/div><\/div><\/div>\n","protected":false},"excerpt":{"rendered":"","protected":false},"author":1,"featured_media":0,"parent":0,"menu_order":0,"comment_status":"closed","ping_status":"closed","template":"","meta":[],"_links":{"self":[{"href":"https:\/\/www.hoteldunord-ardeche.com\/en\/wp-json\/wp\/v2\/pages\/261"}],"collection":[{"href":"https:\/\/www.hoteldunord-ardeche.com\/en\/wp-json\/wp\/v2\/pages"}],"about":[{"href":"https:\/\/www.hoteldunord-ardeche.com\/en\/wp-json\/wp\/v2\/types\/page"}],"author":[{"embeddable":true,"href":"https:\/\/www.hoteldunord-ardeche.com\/en\/wp-json\/wp\/v2\/users\/1"}],"replies":[{"embeddable":true,"href":"https:\/\/www.hoteldunord-ardeche.com\/en\/wp-json\/wp\/v2\/comments?post=261"}],"version-history":[{"count":2,"href":"https:\/\/www.hoteldunord-ardeche.com\/en\/wp-json\/wp\/v2\/pages\/261\/revisions"}],"predecessor-version":[{"id":580,"href":"https:\/\/www.hoteldunord-ardeche.com\/en\/wp-json\/wp\/v2\/pages\/261\/revisions\/580"}],"wp:attachment":[{"href":"https:\/\/www.hoteldunord-ardeche.com\/en\/wp-json\/wp\/v2\/media?parent=261"}],"curies":[{"name":"wp","href":"https:\/\/api.w.org\/{rel}","templated":true}]}}